{"id":496,"date":"2024-12-05T19:30:20","date_gmt":"2024-12-05T19:30:20","guid":{"rendered":"https:\/\/wildvision.ch\/?page_id=496"},"modified":"2025-01-08T20:47:58","modified_gmt":"2025-01-08T20:47:58","slug":"voegel","status":"publish","type":"page","link":"https:\/\/wildvision.ch\/?page_id=496","title":{"rendered":"V\u00f6gel"},"content":{"rendered":"\n<h2 class=\"wp-block-heading\">Singv\u00f6gel<\/h2>\n\n\n\n<figure class=\"wp-block-image size-large is-resized\"><img loading=\"lazy\" decoding=\"async\" width=\"1024\" height=\"683\" src=\"https:\/\/wildvision.ch\/wp-content\/uploads\/2022\/01\/cropped-136D1484-1F0B-4C9B-B296-030736A09736-scaled-2-1024x683.jpeg\" alt=\"\" class=\"wp-image-224\" style=\"aspect-ratio:16\/9;object-fit:cover;width:835px\" srcset=\"https:\/\/wildvision.ch\/wp-content\/uploads\/2022\/01\/cropped-136D1484-1F0B-4C9B-B296-030736A09736-scaled-2-1024x683.jpeg 1024w, https:\/\/wildvision.ch\/wp-content\/uploads\/2022\/01\/cropped-136D1484-1F0B-4C9B-B296-030736A09736-scaled-2-600x400.jpeg 600w, https:\/\/wildvision.ch\/wp-content\/uploads\/2022\/01\/cropped-136D1484-1F0B-4C9B-B296-030736A09736-scaled-2-300x200.jpeg 300w, https:\/\/wildvision.ch\/wp-content\/uploads\/2022\/01\/cropped-136D1484-1F0B-4C9B-B296-030736A09736-scaled-2-768x512.jpeg 768w, https:\/\/wildvision.ch\/wp-content\/uploads\/2022\/01\/cropped-136D1484-1F0B-4C9B-B296-030736A09736-scaled-2-1536x1024.jpeg 1536w, https:\/\/wildvision.ch\/wp-content\/uploads\/2022\/01\/cropped-136D1484-1F0B-4C9B-B296-030736A09736-scaled-2-920x613.jpeg 920w, https:\/\/wildvision.ch\/wp-content\/uploads\/2022\/01\/cropped-136D1484-1F0B-4C9B-B296-030736A09736-scaled-2-666x444.jpeg 666w, https:\/\/wildvision.ch\/wp-content\/uploads\/2022\/01\/cropped-136D1484-1F0B-4C9B-B296-030736A09736-scaled-2-1320x880.jpeg 1320w, https:\/\/wildvision.ch\/wp-content\/uploads\/2022\/01\/cropped-136D1484-1F0B-4C9B-B296-030736A09736-scaled-2.jpeg 1920w\" sizes=\"auto, (max-width: 1024px) 100vw, 1024px\" \/><\/figure>\n\n\n\n<figure class=\"wp-block-image size-large is-resized\"><img loading=\"lazy\" decoding=\"async\" width=\"1024\" height=\"1024\" src=\"https:\/\/wildvision.ch\/wp-content\/uploads\/2021\/08\/rotkehlchen-1-1024x1024.jpg\" alt=\"\" class=\"wp-image-69\" style=\"aspect-ratio:16\/9;object-fit:cover;width:835px\" srcset=\"https:\/\/wildvision.ch\/wp-content\/uploads\/2021\/08\/rotkehlchen-1-1024x1024.jpg 1024w, https:\/\/wildvision.ch\/wp-content\/uploads\/2021\/08\/rotkehlchen-1-300x300.jpg 300w, https:\/\/wildvision.ch\/wp-content\/uploads\/2021\/08\/rotkehlchen-1-100x100.jpg 100w, https:\/\/wildvision.ch\/wp-content\/uploads\/2021\/08\/rotkehlchen-1-600x600.jpg 600w, https:\/\/wildvision.ch\/wp-content\/uploads\/2021\/08\/rotkehlchen-1-150x150.jpg 150w, https:\/\/wildvision.ch\/wp-content\/uploads\/2021\/08\/rotkehlchen-1-768x768.jpg 768w, https:\/\/wildvision.ch\/wp-content\/uploads\/2021\/08\/rotkehlchen-1-1536x1536.jpg 1536w, https:\/\/wildvision.ch\/wp-content\/uploads\/2021\/08\/rotkehlchen-1.jpg 2048w, https:\/\/wildvision.ch\/wp-content\/uploads\/2021\/08\/rotkehlchen-1-666x666.jpg 666w, https:\/\/wildvision.ch\/wp-content\/uploads\/2021\/08\/rotkehlchen-1-96x96.jpg 96w, https:\/\/wildvision.ch\/wp-content\/uploads\/2021\/08\/rotkehlchen-1-1320x1320.jpg 1320w\" sizes=\"auto, (max-width: 1024px) 100vw, 1024px\" \/><\/figure>\n\n\n\n<figure class=\"wp-block-image size-large is-resized\"><img loading=\"lazy\" decoding=\"async\" width=\"1024\" height=\"683\" src=\"https:\/\/wildvision.ch\/wp-content\/uploads\/2022\/11\/Junger-Kleiber-1024x683.jpg\" alt=\"\" class=\"wp-image-332\" style=\"aspect-ratio:16\/9;object-fit:cover;width:835px\" srcset=\"https:\/\/wildvision.ch\/wp-content\/uploads\/2022\/11\/Junger-Kleiber-1024x683.jpg 1024w, https:\/\/wildvision.ch\/wp-content\/uploads\/2022\/11\/Junger-Kleiber-600x400.jpg 600w, https:\/\/wildvision.ch\/wp-content\/uploads\/2022\/11\/Junger-Kleiber-300x200.jpg 300w, https:\/\/wildvision.ch\/wp-content\/uploads\/2022\/11\/Junger-Kleiber-768x512.jpg 768w, https:\/\/wildvision.ch\/wp-content\/uploads\/2022\/11\/Junger-Kleiber-1536x1024.jpg 1536w, https:\/\/wildvision.ch\/wp-content\/uploads\/2022\/11\/Junger-Kleiber-2048x1365.jpg 2048w, https:\/\/wildvision.ch\/wp-content\/uploads\/2022\/11\/Junger-Kleiber-920x613.jpg 920w, https:\/\/wildvision.ch\/wp-content\/uploads\/2022\/11\/Junger-Kleiber-666x444.jpg 666w, https:\/\/wildvision.ch\/wp-content\/uploads\/2022\/11\/Junger-Kleiber-1320x880.jpg 1320w\" sizes=\"auto, (max-width: 1024px) 100vw, 1024px\" \/><\/figure>\n\n\n\n<figure class=\"wp-block-image size-large is-resized\"><img loading=\"lazy\" decoding=\"async\" width=\"1024\" height=\"683\" src=\"https:\/\/wildvision.ch\/wp-content\/uploads\/2022\/07\/CE41ADD5-2C5B-44C3-9152-3A1F8F3625B2-1024x683.jpeg\" alt=\"\" class=\"wp-image-302\" style=\"aspect-ratio:16\/9;object-fit:cover;width:835px\" srcset=\"https:\/\/wildvision.ch\/wp-content\/uploads\/2022\/07\/CE41ADD5-2C5B-44C3-9152-3A1F8F3625B2-1024x683.jpeg 1024w, https:\/\/wildvision.ch\/wp-content\/uploads\/2022\/07\/CE41ADD5-2C5B-44C3-9152-3A1F8F3625B2-scaled-600x400.jpeg 600w, https:\/\/wildvision.ch\/wp-content\/uploads\/2022\/07\/CE41ADD5-2C5B-44C3-9152-3A1F8F3625B2-300x200.jpeg 300w, https:\/\/wildvision.ch\/wp-content\/uploads\/2022\/07\/CE41ADD5-2C5B-44C3-9152-3A1F8F3625B2-768x512.jpeg 768w, https:\/\/wildvision.ch\/wp-content\/uploads\/2022\/07\/CE41ADD5-2C5B-44C3-9152-3A1F8F3625B2-1536x1024.jpeg 1536w, https:\/\/wildvision.ch\/wp-content\/uploads\/2022\/07\/CE41ADD5-2C5B-44C3-9152-3A1F8F3625B2-2048x1365.jpeg 2048w, https:\/\/wildvision.ch\/wp-content\/uploads\/2022\/07\/CE41ADD5-2C5B-44C3-9152-3A1F8F3625B2-920x613.jpeg 920w, https:\/\/wildvision.ch\/wp-content\/uploads\/2022\/07\/CE41ADD5-2C5B-44C3-9152-3A1F8F3625B2-666x444.jpeg 666w, https:\/\/wildvision.ch\/wp-content\/uploads\/2022\/07\/CE41ADD5-2C5B-44C3-9152-3A1F8F3625B2-scaled-1320x880.jpeg 1320w\" sizes=\"auto, (max-width: 1024px) 100vw, 1024px\" \/><\/figure>\n\n\n\n<figure class=\"wp-block-image size-large is-resized\"><img loading=\"lazy\" decoding=\"async\" width=\"1024\" height=\"1024\" src=\"https:\/\/wildvision.ch\/wp-content\/uploads\/2025\/01\/rotkehlchen-2-1024x1024.jpg\" alt=\"\" class=\"wp-image-561\" style=\"aspect-ratio:16\/9;object-fit:cover;width:835px\" srcset=\"https:\/\/wildvision.ch\/wp-content\/uploads\/2025\/01\/rotkehlchen-2-1024x1024.jpg 1024w, https:\/\/wildvision.ch\/wp-content\/uploads\/2025\/01\/rotkehlchen-2-300x300.jpg 300w, https:\/\/wildvision.ch\/wp-content\/uploads\/2025\/01\/rotkehlchen-2-150x150.jpg 150w, https:\/\/wildvision.ch\/wp-content\/uploads\/2025\/01\/rotkehlchen-2-1320x1320.jpg 1320w, https:\/\/wildvision.ch\/wp-content\/uploads\/2025\/01\/rotkehlchen-2.jpg 1600w\" sizes=\"auto, (max-width: 1024px) 100vw, 1024px\" \/><\/figure>\n\n\n\n<figure class=\"wp-block-image size-large is-resized\"><img loading=\"lazy\" decoding=\"async\" width=\"1024\" height=\"683\" src=\"https:\/\/wildvision.ch\/wp-content\/uploads\/2024\/12\/Buchfink-1024x683.jpg\" alt=\"\" class=\"wp-image-529\" style=\"aspect-ratio:16\/9;object-fit:cover;width:835px\" srcset=\"https:\/\/wildvision.ch\/wp-content\/uploads\/2024\/12\/Buchfink-1024x683.jpg 1024w, https:\/\/wildvision.ch\/wp-content\/uploads\/2024\/12\/Buchfink-300x200.jpg 300w, https:\/\/wildvision.ch\/wp-content\/uploads\/2024\/12\/Buchfink-1320x880.jpg 1320w, https:\/\/wildvision.ch\/wp-content\/uploads\/2024\/12\/Buchfink.jpg 1599w\" sizes=\"auto, (max-width: 1024px) 100vw, 1024px\" \/><\/figure>\n\n\n\n<figure class=\"wp-block-image size-large is-resized\"><img loading=\"lazy\" decoding=\"async\" width=\"1024\" height=\"683\" src=\"https:\/\/wildvision.ch\/wp-content\/uploads\/2024\/12\/Alpenbraunelle-1024x683.jpg\" alt=\"\" class=\"wp-image-528\" style=\"aspect-ratio:16\/9;object-fit:cover;width:835px\" srcset=\"https:\/\/wildvision.ch\/wp-content\/uploads\/2024\/12\/Alpenbraunelle-1024x683.jpg 1024w, https:\/\/wildvision.ch\/wp-content\/uploads\/2024\/12\/Alpenbraunelle-300x200.jpg 300w, https:\/\/wildvision.ch\/wp-content\/uploads\/2024\/12\/Alpenbraunelle-1320x880.jpg 1320w, https:\/\/wildvision.ch\/wp-content\/uploads\/2024\/12\/Alpenbraunelle.jpg 1599w\" sizes=\"auto, (max-width: 1024px) 100vw, 1024px\" \/><\/figure>\n\n\n\n<figure class=\"wp-block-image size-large is-resized\"><img loading=\"lazy\" decoding=\"async\" width=\"1024\" height=\"681\" src=\"https:\/\/wildvision.ch\/wp-content\/uploads\/2025\/01\/zaunkoenig-1024x681.jpg\" alt=\"\" class=\"wp-image-559\" style=\"aspect-ratio:16\/9;object-fit:cover;width:835px\" srcset=\"https:\/\/wildvision.ch\/wp-content\/uploads\/2025\/01\/zaunkoenig-1024x681.jpg 1024w, https:\/\/wildvision.ch\/wp-content\/uploads\/2025\/01\/zaunkoenig-300x200.jpg 300w, https:\/\/wildvision.ch\/wp-content\/uploads\/2025\/01\/zaunkoenig-1320x878.jpg 1320w, https:\/\/wildvision.ch\/wp-content\/uploads\/2025\/01\/zaunkoenig.jpg 1600w\" sizes=\"auto, (max-width: 1024px) 100vw, 1024px\" \/><\/figure>\n\n\n\n<figure class=\"wp-block-image size-large is-resized\"><img loading=\"lazy\" decoding=\"async\" width=\"1024\" height=\"683\" src=\"https:\/\/wildvision.ch\/wp-content\/uploads\/2024\/12\/Moenchsgrassmuecke-1024x683.jpg\" alt=\"\" class=\"wp-image-532\" style=\"aspect-ratio:16\/9;object-fit:cover;width:835px\" srcset=\"https:\/\/wildvision.ch\/wp-content\/uploads\/2024\/12\/Moenchsgrassmuecke-1024x683.jpg 1024w, https:\/\/wildvision.ch\/wp-content\/uploads\/2024\/12\/Moenchsgrassmuecke-300x200.jpg 300w, https:\/\/wildvision.ch\/wp-content\/uploads\/2024\/12\/Moenchsgrassmuecke-1320x880.jpg 1320w, https:\/\/wildvision.ch\/wp-content\/uploads\/2024\/12\/Moenchsgrassmuecke.jpg 1599w\" sizes=\"auto, (max-width: 1024px) 100vw, 1024px\" \/><\/figure>\n\n\n\n<figure class=\"wp-block-image size-large is-resized\"><img loading=\"lazy\" decoding=\"async\" width=\"1024\" height=\"682\" src=\"https:\/\/wildvision.ch\/wp-content\/uploads\/2024\/12\/Rotkehlchen-1024x682.jpg\" alt=\"\" class=\"wp-image-533\" style=\"aspect-ratio:16\/9;object-fit:cover;width:835px\" srcset=\"https:\/\/wildvision.ch\/wp-content\/uploads\/2024\/12\/Rotkehlchen-1024x682.jpg 1024w, https:\/\/wildvision.ch\/wp-content\/uploads\/2024\/12\/Rotkehlchen-300x200.jpg 300w, https:\/\/wildvision.ch\/wp-content\/uploads\/2024\/12\/Rotkehlchen-1320x879.jpg 1320w, https:\/\/wildvision.ch\/wp-content\/uploads\/2024\/12\/Rotkehlchen.jpg 1600w\" sizes=\"auto, (max-width: 1024px) 100vw, 1024px\" \/><\/figure>\n\n\n\n<figure class=\"wp-block-image size-large is-resized\"><img loading=\"lazy\" decoding=\"async\" width=\"1024\" height=\"682\" src=\"https:\/\/wildvision.ch\/wp-content\/uploads\/2024\/12\/Haustrotschwanz-1024x682.jpg\" alt=\"\" class=\"wp-image-542\" style=\"aspect-ratio:16\/9;object-fit:cover;width:835px\" srcset=\"https:\/\/wildvision.ch\/wp-content\/uploads\/2024\/12\/Haustrotschwanz-1024x682.jpg 1024w, https:\/\/wildvision.ch\/wp-content\/uploads\/2024\/12\/Haustrotschwanz-300x200.jpg 300w, https:\/\/wildvision.ch\/wp-content\/uploads\/2024\/12\/Haustrotschwanz-1320x879.jpg 1320w, https:\/\/wildvision.ch\/wp-content\/uploads\/2024\/12\/Haustrotschwanz.jpg 1600w\" sizes=\"auto, (max-width: 1024px) 100vw, 1024px\" \/><\/figure>\n\n\n\n<figure class=\"wp-block-image size-large is-resized\"><img loading=\"lazy\" decoding=\"async\" width=\"1024\" height=\"683\" src=\"https:\/\/wildvision.ch\/wp-content\/uploads\/2024\/12\/Buchfink-w-1-1024x683.jpg\" alt=\"\" class=\"wp-image-540\" style=\"aspect-ratio:16\/9;object-fit:cover;width:835px\" srcset=\"https:\/\/wildvision.ch\/wp-content\/uploads\/2024\/12\/Buchfink-w-1-1024x683.jpg 1024w, https:\/\/wildvision.ch\/wp-content\/uploads\/2024\/12\/Buchfink-w-1-300x200.jpg 300w, https:\/\/wildvision.ch\/wp-content\/uploads\/2024\/12\/Buchfink-w-1-1320x880.jpg 1320w, https:\/\/wildvision.ch\/wp-content\/uploads\/2024\/12\/Buchfink-w-1.jpg 1599w\" sizes=\"auto, (max-width: 1024px) 100vw, 1024px\" \/><\/figure>\n\n\n\n<figure class=\"wp-block-image size-large is-resized\"><img loading=\"lazy\" decoding=\"async\" width=\"1024\" height=\"683\" src=\"https:\/\/wildvision.ch\/wp-content\/uploads\/2024\/12\/Blaumeise-1024x683.jpg\" alt=\"\" class=\"wp-image-535\" style=\"aspect-ratio:16\/9;object-fit:cover;width:835px\" srcset=\"https:\/\/wildvision.ch\/wp-content\/uploads\/2024\/12\/Blaumeise-1024x683.jpg 1024w, https:\/\/wildvision.ch\/wp-content\/uploads\/2024\/12\/Blaumeise-300x200.jpg 300w, https:\/\/wildvision.ch\/wp-content\/uploads\/2024\/12\/Blaumeise-1320x880.jpg 1320w, https:\/\/wildvision.ch\/wp-content\/uploads\/2024\/12\/Blaumeise.jpg 1599w\" sizes=\"auto, (max-width: 1024px) 100vw, 1024px\" \/><\/figure>\n\n\n\n<h2 class=\"wp-block-heading\">Enten und G\u00e4nse<\/h2>\n\n\n\n<figure class=\"wp-block-image size-large is-resized\"><img loading=\"lazy\" decoding=\"async\" width=\"1024\" height=\"683\" src=\"https:\/\/wildvision.ch\/wp-content\/uploads\/2024\/12\/Junge-Gand-1024x683.jpg\" alt=\"\" class=\"wp-image-534\" style=\"aspect-ratio:16\/9;object-fit:cover;width:835px\" srcset=\"https:\/\/wildvision.ch\/wp-content\/uploads\/2024\/12\/Junge-Gand-1024x683.jpg 1024w, https:\/\/wildvision.ch\/wp-content\/uploads\/2024\/12\/Junge-Gand-300x200.jpg 300w, https:\/\/wildvision.ch\/wp-content\/uploads\/2024\/12\/Junge-Gand-1320x880.jpg 1320w, https:\/\/wildvision.ch\/wp-content\/uploads\/2024\/12\/Junge-Gand.jpg 1599w\" sizes=\"auto, (max-width: 1024px) 100vw, 1024px\" \/><\/figure>\n\n\n\n<figure class=\"wp-block-image size-large is-resized\"><img loading=\"lazy\" decoding=\"async\" width=\"1024\" height=\"581\" src=\"https:\/\/wildvision.ch\/wp-content\/uploads\/2022\/10\/cropped-Graugans-nah-1024x581.jpg\" alt=\"\" class=\"wp-image-326\" style=\"aspect-ratio:16\/9;object-fit:cover;width:835px\" srcset=\"https:\/\/wildvision.ch\/wp-content\/uploads\/2022\/10\/cropped-Graugans-nah-1024x581.jpg 1024w, https:\/\/wildvision.ch\/wp-content\/uploads\/2022\/10\/cropped-Graugans-nah-600x340.jpg 600w, https:\/\/wildvision.ch\/wp-content\/uploads\/2022\/10\/cropped-Graugans-nah-300x170.jpg 300w, https:\/\/wildvision.ch\/wp-content\/uploads\/2022\/10\/cropped-Graugans-nah-768x436.jpg 768w, https:\/\/wildvision.ch\/wp-content\/uploads\/2022\/10\/cropped-Graugans-nah-1536x871.jpg 1536w, https:\/\/wildvision.ch\/wp-content\/uploads\/2022\/10\/cropped-Graugans-nah-1320x749.jpg 1320w, https:\/\/wildvision.ch\/wp-content\/uploads\/2022\/10\/cropped-Graugans-nah.jpg 1920w\" sizes=\"auto, (max-width: 1024px) 100vw, 1024px\" \/><\/figure>\n\n\n\n<figure class=\"wp-block-image size-large is-resized\"><img loading=\"lazy\" decoding=\"async\" width=\"1024\" height=\"683\" src=\"https:\/\/wildvision.ch\/wp-content\/uploads\/2022\/04\/9A41CD59-BBB5-4B23-9C07-AA2473D8C036-1024x683.jpeg\" alt=\"\" class=\"wp-image-262\" style=\"aspect-ratio:16\/9;object-fit:cover;width:835px\" srcset=\"https:\/\/wildvision.ch\/wp-content\/uploads\/2022\/04\/9A41CD59-BBB5-4B23-9C07-AA2473D8C036-1024x683.jpeg 1024w, https:\/\/wildvision.ch\/wp-content\/uploads\/2022\/04\/9A41CD59-BBB5-4B23-9C07-AA2473D8C036-scaled-600x400.jpeg 600w, https:\/\/wildvision.ch\/wp-content\/uploads\/2022\/04\/9A41CD59-BBB5-4B23-9C07-AA2473D8C036-300x200.jpeg 300w, https:\/\/wildvision.ch\/wp-content\/uploads\/2022\/04\/9A41CD59-BBB5-4B23-9C07-AA2473D8C036-768x512.jpeg 768w, https:\/\/wildvision.ch\/wp-content\/uploads\/2022\/04\/9A41CD59-BBB5-4B23-9C07-AA2473D8C036-1536x1024.jpeg 1536w, https:\/\/wildvision.ch\/wp-content\/uploads\/2022\/04\/9A41CD59-BBB5-4B23-9C07-AA2473D8C036-2048x1365.jpeg 2048w, https:\/\/wildvision.ch\/wp-content\/uploads\/2022\/04\/9A41CD59-BBB5-4B23-9C07-AA2473D8C036-920x613.jpeg 920w, https:\/\/wildvision.ch\/wp-content\/uploads\/2022\/04\/9A41CD59-BBB5-4B23-9C07-AA2473D8C036-666x444.jpeg 666w, https:\/\/wildvision.ch\/wp-content\/uploads\/2022\/04\/9A41CD59-BBB5-4B23-9C07-AA2473D8C036-scaled-1320x880.jpeg 1320w\" sizes=\"auto, (max-width: 1024px) 100vw, 1024px\" \/><\/figure>\n\n\n\n<figure class=\"wp-block-image size-large is-resized\"><img loading=\"lazy\" decoding=\"async\" width=\"1024\" height=\"683\" src=\"https:\/\/wildvision.ch\/wp-content\/uploads\/2021\/09\/6C6D0329-2A7F-4D57-B0D7-9B0926F861F4-1024x683.jpeg\" alt=\"\" class=\"wp-image-135\" style=\"aspect-ratio:16\/9;object-fit:cover;width:835px\" srcset=\"https:\/\/wildvision.ch\/wp-content\/uploads\/2021\/09\/6C6D0329-2A7F-4D57-B0D7-9B0926F861F4-1024x683.jpeg 1024w, https:\/\/wildvision.ch\/wp-content\/uploads\/2021\/09\/6C6D0329-2A7F-4D57-B0D7-9B0926F861F4-scaled-600x400.jpeg 600w, https:\/\/wildvision.ch\/wp-content\/uploads\/2021\/09\/6C6D0329-2A7F-4D57-B0D7-9B0926F861F4-300x200.jpeg 300w, https:\/\/wildvision.ch\/wp-content\/uploads\/2021\/09\/6C6D0329-2A7F-4D57-B0D7-9B0926F861F4-768x512.jpeg 768w, https:\/\/wildvision.ch\/wp-content\/uploads\/2021\/09\/6C6D0329-2A7F-4D57-B0D7-9B0926F861F4-1536x1024.jpeg 1536w, https:\/\/wildvision.ch\/wp-content\/uploads\/2021\/09\/6C6D0329-2A7F-4D57-B0D7-9B0926F861F4-2048x1365.jpeg 2048w, https:\/\/wildvision.ch\/wp-content\/uploads\/2021\/09\/6C6D0329-2A7F-4D57-B0D7-9B0926F861F4-920x613.jpeg 920w, https:\/\/wildvision.ch\/wp-content\/uploads\/2021\/09\/6C6D0329-2A7F-4D57-B0D7-9B0926F861F4-666x444.jpeg 666w, https:\/\/wildvision.ch\/wp-content\/uploads\/2021\/09\/6C6D0329-2A7F-4D57-B0D7-9B0926F861F4-scaled-1320x880.jpeg 1320w\" sizes=\"auto, (max-width: 1024px) 100vw, 1024px\" \/><\/figure>\n\n\n\n<figure class=\"wp-block-image size-large is-resized\"><img loading=\"lazy\" decoding=\"async\" width=\"1024\" height=\"683\" src=\"https:\/\/wildvision.ch\/wp-content\/uploads\/2024\/12\/Ente-1024x683.jpg\" alt=\"\" class=\"wp-image-536\" style=\"aspect-ratio:16\/9;object-fit:cover;width:835px\" srcset=\"https:\/\/wildvision.ch\/wp-content\/uploads\/2024\/12\/Ente-1024x683.jpg 1024w, https:\/\/wildvision.ch\/wp-content\/uploads\/2024\/12\/Ente-300x200.jpg 300w, https:\/\/wildvision.ch\/wp-content\/uploads\/2024\/12\/Ente-1320x880.jpg 1320w, https:\/\/wildvision.ch\/wp-content\/uploads\/2024\/12\/Ente.jpg 1599w\" sizes=\"auto, (max-width: 1024px) 100vw, 1024px\" \/><\/figure>\n\n\n\n<figure class=\"wp-block-image size-full is-resized\"><img loading=\"lazy\" decoding=\"async\" width=\"724\" height=\"724\" src=\"https:\/\/wildvision.ch\/wp-content\/uploads\/2024\/12\/Haubemntauch.jpg\" alt=\"\" class=\"wp-image-538\" style=\"aspect-ratio:16\/9;object-fit:cover;width:835px\" srcset=\"https:\/\/wildvision.ch\/wp-content\/uploads\/2024\/12\/Haubemntauch.jpg 724w, https:\/\/wildvision.ch\/wp-content\/uploads\/2024\/12\/Haubemntauch-300x300.jpg 300w, https:\/\/wildvision.ch\/wp-content\/uploads\/2024\/12\/Haubemntauch-150x150.jpg 150w\" sizes=\"auto, (max-width: 724px) 100vw, 724px\" \/><\/figure>\n\n\n\n<figure class=\"wp-block-image size-large is-resized\"><img loading=\"lazy\" decoding=\"async\" width=\"1024\" height=\"683\" src=\"https:\/\/wildvision.ch\/wp-content\/uploads\/2024\/12\/Ente-w-1024x683.jpg\" alt=\"\" class=\"wp-image-541\" style=\"aspect-ratio:16\/9;object-fit:cover;width:835px\" srcset=\"https:\/\/wildvision.ch\/wp-content\/uploads\/2024\/12\/Ente-w-1024x683.jpg 1024w, https:\/\/wildvision.ch\/wp-content\/uploads\/2024\/12\/Ente-w-300x200.jpg 300w, https:\/\/wildvision.ch\/wp-content\/uploads\/2024\/12\/Ente-w-1320x880.jpg 1320w, https:\/\/wildvision.ch\/wp-content\/uploads\/2024\/12\/Ente-w.jpg 1599w\" sizes=\"auto, (max-width: 1024px) 100vw, 1024px\" \/><\/figure>\n\n\n\n<h2 class=\"wp-block-heading\">Watv\u00f6gel<\/h2>\n\n\n\n<figure class=\"wp-block-image size-large is-resized\"><img loading=\"lazy\" decoding=\"async\" width=\"1024\" height=\"682\" src=\"https:\/\/wildvision.ch\/wp-content\/uploads\/2025\/01\/bekasine-1024x682.jpg\" alt=\"\" class=\"wp-image-556\" style=\"aspect-ratio:1.7777777777777777;object-fit:cover;width:835px;height:auto\" srcset=\"https:\/\/wildvision.ch\/wp-content\/uploads\/2025\/01\/bekasine-1024x682.jpg 1024w, https:\/\/wildvision.ch\/wp-content\/uploads\/2025\/01\/bekasine-300x200.jpg 300w, https:\/\/wildvision.ch\/wp-content\/uploads\/2025\/01\/bekasine-1320x879.jpg 1320w, https:\/\/wildvision.ch\/wp-content\/uploads\/2025\/01\/bekasine.jpg 1600w\" sizes=\"auto, (max-width: 1024px) 100vw, 1024px\" \/><\/figure>\n\n\n\n<figure class=\"wp-block-image size-large is-resized\"><img loading=\"lazy\" decoding=\"async\" width=\"1024\" height=\"682\" src=\"https:\/\/wildvision.ch\/wp-content\/uploads\/2025\/01\/bekasine--1024x682.jpg\" alt=\"\" class=\"wp-image-557\" style=\"aspect-ratio:16\/9;object-fit:cover;width:835px\" srcset=\"https:\/\/wildvision.ch\/wp-content\/uploads\/2025\/01\/bekasine--1024x682.jpg 1024w, https:\/\/wildvision.ch\/wp-content\/uploads\/2025\/01\/bekasine--300x200.jpg 300w, https:\/\/wildvision.ch\/wp-content\/uploads\/2025\/01\/bekasine--1320x879.jpg 1320w, https:\/\/wildvision.ch\/wp-content\/uploads\/2025\/01\/bekasine-.jpg 1600w\" sizes=\"auto, (max-width: 1024px) 100vw, 1024px\" \/><\/figure>\n\n\n\n<h2 class=\"wp-block-heading\">Reiher und Ibisse<\/h2>\n\n\n\n<figure class=\"wp-block-image size-large is-resized\"><img loading=\"lazy\" decoding=\"async\" width=\"1024\" height=\"683\" src=\"https:\/\/wildvision.ch\/wp-content\/uploads\/2025\/01\/graureiher-1024x683.jpg\" alt=\"\" class=\"wp-image-563\" style=\"aspect-ratio:16\/9;object-fit:cover;width:835px\" srcset=\"https:\/\/wildvision.ch\/wp-content\/uploads\/2025\/01\/graureiher-1024x683.jpg 1024w, https:\/\/wildvision.ch\/wp-content\/uploads\/2025\/01\/graureiher-300x200.jpg 300w, https:\/\/wildvision.ch\/wp-content\/uploads\/2025\/01\/graureiher-1320x880.jpg 1320w, https:\/\/wildvision.ch\/wp-content\/uploads\/2025\/01\/graureiher.jpg 1599w\" sizes=\"auto, (max-width: 1024px) 100vw, 1024px\" \/><\/figure>\n\n\n\n<figure class=\"wp-block-image size-large is-resized\"><img loading=\"lazy\" decoding=\"async\" width=\"1024\" height=\"683\" src=\"https:\/\/wildvision.ch\/wp-content\/uploads\/2025\/01\/reiher-1024x683.jpg\" alt=\"\" class=\"wp-image-564\" style=\"aspect-ratio:16\/9;object-fit:cover;width:835px\" srcset=\"https:\/\/wildvision.ch\/wp-content\/uploads\/2025\/01\/reiher-1024x683.jpg 1024w, https:\/\/wildvision.ch\/wp-content\/uploads\/2025\/01\/reiher-300x200.jpg 300w, https:\/\/wildvision.ch\/wp-content\/uploads\/2025\/01\/reiher-1320x880.jpg 1320w, https:\/\/wildvision.ch\/wp-content\/uploads\/2025\/01\/reiher.jpg 1599w\" sizes=\"auto, (max-width: 1024px) 100vw, 1024px\" \/><\/figure>\n\n\n\n<figure class=\"wp-block-image size-large is-resized\"><img loading=\"lazy\" decoding=\"async\" width=\"1024\" height=\"1024\" src=\"https:\/\/wildvision.ch\/wp-content\/uploads\/2025\/01\/rohrdommer-1024x1024.jpg\" alt=\"\" class=\"wp-image-565\" style=\"aspect-ratio:16\/9;object-fit:cover;width:835px\" srcset=\"https:\/\/wildvision.ch\/wp-content\/uploads\/2025\/01\/rohrdommer-1024x1024.jpg 1024w, https:\/\/wildvision.ch\/wp-content\/uploads\/2025\/01\/rohrdommer-300x300.jpg 300w, https:\/\/wildvision.ch\/wp-content\/uploads\/2025\/01\/rohrdommer-150x150.jpg 150w, https:\/\/wildvision.ch\/wp-content\/uploads\/2025\/01\/rohrdommer-1320x1320.jpg 1320w, https:\/\/wildvision.ch\/wp-content\/uploads\/2025\/01\/rohrdommer.jpg 1600w\" sizes=\"auto, (max-width: 1024px) 100vw, 1024px\" \/><\/figure>\n\n\n\n<h2 class=\"wp-block-heading\">Greifv\u00f6gel<\/h2>\n\n\n\n<figure class=\"wp-block-image size-large is-resized\"><img loading=\"lazy\" decoding=\"async\" width=\"1024\" height=\"683\" src=\"https:\/\/wildvision.ch\/wp-content\/uploads\/2025\/01\/maeausebussard-1024x683.jpg\" alt=\"\" class=\"wp-image-567\" style=\"aspect-ratio:16\/9;object-fit:cover;width:835px\" srcset=\"https:\/\/wildvision.ch\/wp-content\/uploads\/2025\/01\/maeausebussard-1024x683.jpg 1024w, https:\/\/wildvision.ch\/wp-content\/uploads\/2025\/01\/maeausebussard-300x200.jpg 300w, https:\/\/wildvision.ch\/wp-content\/uploads\/2025\/01\/maeausebussard-1320x880.jpg 1320w, https:\/\/wildvision.ch\/wp-content\/uploads\/2025\/01\/maeausebussard.jpg 1599w\" sizes=\"auto, (max-width: 1024px) 100vw, 1024px\" \/><\/figure>\n\n\n\n<figure class=\"wp-block-image size-large is-resized\"><img loading=\"lazy\" decoding=\"async\" width=\"1024\" height=\"683\" src=\"https:\/\/wildvision.ch\/wp-content\/uploads\/2025\/01\/maeuse-bur-1024x683.jpg\" alt=\"\" class=\"wp-image-568\" style=\"aspect-ratio:16\/9;object-fit:cover;width:835px\" srcset=\"https:\/\/wildvision.ch\/wp-content\/uploads\/2025\/01\/maeuse-bur-1024x683.jpg 1024w, https:\/\/wildvision.ch\/wp-content\/uploads\/2025\/01\/maeuse-bur-300x200.jpg 300w, https:\/\/wildvision.ch\/wp-content\/uploads\/2025\/01\/maeuse-bur-1320x880.jpg 1320w, https:\/\/wildvision.ch\/wp-content\/uploads\/2025\/01\/maeuse-bur.jpg 1599w\" sizes=\"auto, (max-width: 1024px) 100vw, 1024px\" \/><\/figure>\n\n\n\n<p><\/p>\n","protected":false},"excerpt":{"rendered":"<p>Singv\u00f6gel Enten und G\u00e4nse Watv\u00f6gel Reiher und Ibisse Greifv\u00f6gel<\/p>\n","protected":false},"author":1,"featured_media":0,"parent":0,"menu_order":0,"comment_status":"closed","ping_status":"closed","template":"","meta":{"footnotes":""},"class_list":["post-496","page","type-page","status-publish","hentry"],"jetpack_sharing_enabled":true,"_links":{"self":[{"href":"https:\/\/wildvision.ch\/index.php?rest_route=\/wp\/v2\/pages\/496","targetHints":{"allow":["GET"]}}],"collection":[{"href":"https:\/\/wildvision.ch\/index.php?rest_route=\/wp\/v2\/pages"}],"about":[{"href":"https:\/\/wildvision.ch\/index.php?rest_route=\/wp\/v2\/types\/page"}],"author":[{"embeddable":true,"href":"https:\/\/wildvision.ch\/index.php?rest_route=\/wp\/v2\/users\/1"}],"replies":[{"embeddable":true,"href":"https:\/\/wildvision.ch\/index.php?rest_route=%2Fwp%2Fv2%2Fcomments&post=496"}],"version-history":[{"count":10,"href":"https:\/\/wildvision.ch\/index.php?rest_route=\/wp\/v2\/pages\/496\/revisions"}],"predecessor-version":[{"id":569,"href":"https:\/\/wildvision.ch\/index.php?rest_route=\/wp\/v2\/pages\/496\/revisions\/569"}],"wp:attachment":[{"href":"https:\/\/wildvision.ch\/index.php?rest_route=%2Fwp%2Fv2%2Fmedia&parent=496"}],"curies":[{"name":"wp","href":"https:\/\/api.w.org\/{rel}","templated":true}]}}